{"id":1385,"date":"2025-04-24T15:59:29","date_gmt":"2025-04-24T15:59:29","guid":{"rendered":"https:\/\/gulfmarine.mx\/torneos\/?post_type=product&#038;p=1385"},"modified":"2026-04-16T05:14:51","modified_gmt":"2026-04-16T05:14:51","slug":"inscripcion-a-torneo-de-sabalo-gulf-marine-2026","status":"publish","type":"product","link":"https:\/\/gulfmarine.mx\/torneos\/producto\/inscripcion-a-torneo-de-sabalo-gulf-marine-2026\/","title":{"rendered":"Inscripci\u00f3n a Torneo de S\u00e1balo Gulf Marine 2026"},"content":{"rendered":"<p>Del 21 al 23 de mayo del 2026<\/p>\n<p>Sede: Marina Veramar<\/p>\n<p>Comida de Bienvenida, jueves 21 a las 14.00 hrs<\/p>\n<p>D\u00edas de pesca 22 y 23 de mayo<\/p>\n","protected":false},"excerpt":{"rendered":"<p>Inscripci\u00f3n para una persona con 1 ca\u00f1a al Torneo de S\u00e1balo Gulf Marine 2026.<br \/>\n<img decoding=\"async\" class=\"alignnone wp-image-1404 size-full\" src=\"https:\/\/gulfmarine.mx\/torneos\/wp-content\/uploads\/2025\/04\/boton_reglamento.png\" alt=\"\" width=\"250\" height=\"42\" \/><\/p>\n<h6>Antes de inscribirse es importante leer el reglamento del torneo, ya que al inscribirse se est\u00e1 aceptando este en su totalidad.<\/h6>\n<p><small><br \/>\nUna vez realizado el pago y confirmado por nuestro equipo, se te har\u00e1 llegar su boleta de inscripcion en formato pdf a tu correo registrado en la inscripcion.<\/small><\/p>\n","protected":false},"featured_media":1575,"template":"","meta":{"site-sidebar-layout":"default","site-content-layout":"","ast-site-content-layout":"default","site-content-style":"default","site-sidebar-style":"default","ast-global-header-display":"","ast-banner-title-visibility":"","ast-main-header-display":"","ast-hfb-above-header-display":"","ast-hfb-below-header-display":"","ast-hfb-mobile-header-display":"","site-post-title":"","ast-breadcrumbs-content":"","ast-featured-img":"","footer-sml-layout":"","ast-disable-related-posts":"","theme-transparent-header-meta":"default","adv-header-id-meta":"","stick-header-meta":"","header-above-stick-meta":"","header-main-stick-meta":"","header-below-stick-meta":"","astra-migrate-meta-layouts":"set","ast-page-background-enabled":"default","ast-page-background-meta":{"desktop":{"background-color":"","background-image":"","background-repeat":"repeat","background-position":"center center","background-size":"auto","background-attachment":"scroll","background-type":"","background-media":"","overlay-type":"","overlay-color":"","overlay-opacity":"","overlay-gradient":""},"tablet":{"background-color":"","background-image":"","background-repeat":"repeat","background-position":"center center","background-size":"auto","background-attachment":"scroll","background-type":"","background-media":"","overlay-type":"","overlay-color":"","overlay-opacity":"","overlay-gradient":""},"mobile":{"background-color":"","background-image":"","background-repeat":"repeat","background-position":"center center","background-size":"auto","background-attachment":"scroll","background-type":"","background-media":"","overlay-type":"","overlay-color":"","overlay-opacity":"","overlay-gradient":""}},"ast-content-background-meta":{"desktop":{"background-color":"var(--ast-global-color-5)","background-image":"","background-repeat":"repeat","background-position":"center center","background-size":"auto","background-attachment":"scroll","background-type":"","background-media":"","overlay-type":"","overlay-color":"","overlay-opacity":"","overlay-gradient":""},"tablet":{"background-color":"var(--ast-global-color-5)","background-image":"","background-repeat":"repeat","background-position":"center center","background-size":"auto","background-attachment":"scroll","background-type":"","background-media":"","overlay-type":"","overlay-color":"","overlay-opacity":"","overlay-gradient":""},"mobile":{"background-color":"var(--ast-global-color-5)","background-image":"","background-repeat":"repeat","background-position":"center center","background-size":"auto","background-attachment":"scroll","background-type":"","background-media":"","overlay-type":"","overlay-color":"","overlay-opacity":"","overlay-gradient":""}}},"product_brand":[],"product_cat":[22],"product_tag":[],"class_list":{"0":"post-1385","1":"product","2":"type-product","3":"status-publish","4":"has-post-thumbnail","6":"product_cat-torneos","7":"desktop-align-left","8":"tablet-align-left","9":"mobile-align-left","11":"first","12":"instock","13":"virtual","14":"purchasable","15":"product-type-simple"},"_links":{"self":[{"href":"https:\/\/gulfmarine.mx\/torneos\/wp-json\/wp\/v2\/product\/1385","targetHints":{"allow":["GET"]}}],"collection":[{"href":"https:\/\/gulfmarine.mx\/torneos\/wp-json\/wp\/v2\/product"}],"about":[{"href":"https:\/\/gulfmarine.mx\/torneos\/wp-json\/wp\/v2\/types\/product"}],"wp:featuredmedia":[{"embeddable":true,"href":"https:\/\/gulfmarine.mx\/torneos\/wp-json\/wp\/v2\/media\/1575"}],"wp:attachment":[{"href":"https:\/\/gulfmarine.mx\/torneos\/wp-json\/wp\/v2\/media?parent=1385"}],"wp:term":[{"taxonomy":"product_brand","embeddable":true,"href":"https:\/\/gulfmarine.mx\/torneos\/wp-json\/wp\/v2\/product_brand?post=1385"},{"taxonomy":"product_cat","embeddable":true,"href":"https:\/\/gulfmarine.mx\/torneos\/wp-json\/wp\/v2\/product_cat?post=1385"},{"taxonomy":"product_tag","embeddable":true,"href":"https:\/\/gulfmarine.mx\/torneos\/wp-json\/wp\/v2\/product_tag?post=1385"}],"curies":[{"name":"wp","href":"https:\/\/api.w.org\/{rel}","templated":true}]}}